{"id":529,"date":"2017-06-12T10:00:38","date_gmt":"2017-06-12T10:00:38","guid":{"rendered":"https:\/\/victorthemes.com\/themes\/roof\/?page_id=529"},"modified":"2022-04-04T19:53:31","modified_gmt":"2022-04-04T17:53:31","slug":"pricing","status":"publish","type":"page","link":"https:\/\/debarrassez-moi.fr\/?page_id=529","title":{"rendered":"Nos Formules"},"content":{"rendered":"<p>[vc_row][vc_column][vc_column_text css=\u00a0\u00bb.vc_custom_1634969828272{margin-bottom: 15px !important;padding-bottom: 0px !important;}\u00a0\u00bb]<h3 class=\"detail-title\">Nos diff\u00e9rentes formules<\/h3>[\/vc_column_text][vc_column_text]Avant d\u2019intervenir pour votre D\u00e9barras, nous r\u00e9alisons un devis gratuit et sans engagement, celui-ci sera \u00e9tabli en fonction du volume \u00e0 \u00e9vacuer en m\u00e8tres cubes et des valeurs r\u00e9cup\u00e9rables (estimation par un professionnel ou expert sp\u00e9cialis\u00e9 en objet d\u2019art.)<\/p>\n<p>Nous proposons 3 formules afin que vous choisissiez celle qui vous convienne le mieux.[\/vc_column_text][vc_single_image image=\u00a0\u00bb2159&Prime; img_size=\u00a0\u00bbfull\u00a0\u00bb alignment=\u00a0\u00bbcenter\u00a0\u00bb][\/vc_column][\/vc_row][vc_row overlay_dotted=\u00a0\u00bb\u00a0\u00bb][vc_column width=\u00a0\u00bb1\/3&Prime;]<div class=\"plan-item\"><div class=\"plan-type\"><h5 class=\"plan-title\">Le D\u00e9barras gratuit<\/h5><h6 class=\"plan-sub-title\">Ce type de d\u00e9barras n\u2019est malheureusement plus tr\u00e8s courant mais cela d\u00e9pend de la valeur<br \/>\nmarchande des objets que vous avez \u00e0 d\u00e9barrasser.<br \/>\nCe dernier sera donc bien s\u00fbr pris en compte dans notre devis gratuit.<\/h6><\/div><div class=\"plan-info\"><ul><li><i class=\"fa fa-close\" aria-hidden=\"true\"><\/i> <\/li><\/ul><div class=\"text-center\"><a href=\"http:\/\/debarrassez-moi.fr\/?page_id=2030\" class=\"roof-btn roof-btn-black\">Contactez-nous<\/a><\/div><\/div><\/div>[\/vc_column][vc_column width=\u00a0\u00bb1\/3&Prime;]<div class=\"plan-item\"><div class=\"plan-type\"><h5 class=\"plan-title\">Le D\u00e9barras indemnis\u00e9<\/h5><h6 class=\"plan-sub-title\">Lorsqu'une partie des objets ou du mat\u00e9riel \u00e0 d\u00e9barrasser est r\u00e9cup\u00e9rable , nous en d\u00e9duisons la valeur sur votre devis.<\/h6><\/div><div class=\"plan-info\"><ul><li><i class=\"fa fa-close\" aria-hidden=\"true\"><\/i> <\/li><\/ul><div class=\"text-center\"><a href=\"http:\/\/debarrassez-moi.fr\/?page_id=2030\" class=\"roof-btn roof-btn-black\">Contactez-nous<\/a><\/div><\/div><\/div>[\/vc_column][vc_column width=\u00a0\u00bb1\/3&Prime;]<div class=\"plan-item\"><div class=\"plan-type\"><h5 class=\"plan-title\">Le D\u00e9barras factur\u00e9<\/h5><h6 class=\"plan-sub-title\">Lorsque nous ne pouvons pas r\u00e9cup\u00e9rer suffisamment d\u2019objets ou que le volume des objets<br \/>\nencombrants et d\u00e9chets repr\u00e9sentent un travail qui ne peut \u00eatre compens\u00e9 par la r\u00e9cup\u00e9ration.<br \/>\nDans ce cas la nous vous proposons un devis et sur votre acceptation nous effectuerons le<br \/>\nd\u00e9barras de la maison rapidement en effectuant un travail soign\u00e9 et efficace.<\/h6><\/div><div class=\"plan-info\"><ul><li><i class=\"fa fa-close\" aria-hidden=\"true\"><\/i> <\/li><\/ul><div class=\"text-center\"><a href=\"http:\/\/debarrassez-moi.fr\/?page_id=2030\" class=\"roof-btn roof-btn-black\">Contactez-nous<\/a><\/div><\/div><\/div>[\/vc_column][\/vc_row]<\/p>\n","protected":false},"excerpt":{"rendered":"[vc_row][vc_column][vc_column_text css=\u00a0\u00bb.vc_custom_1634969828272{margin-bottom: 15px !important;padding-bottom: 0px !important;}\u00a0\u00bb][\/vc_column_text][vc_column_text]Avant d\u2019intervenir pour votre D\u00e9barras, nous r\u00e9alisons un devis gratuit et sans engagement, celui-ci sera \u00e9tabli en fonction du volume \u00e0 \u00e9vacuer en m\u00e8tres cubes et des valeurs r\u00e9cup\u00e9rables (estimation par un professionnel ou expert sp\u00e9cialis\u00e9 en objet d\u2019art.) Nous proposons 3 formules afin que vous choisissiez celle qui vous[&#8230;]","protected":false},"author":1,"featured_media":2010,"parent":0,"menu_order":0,"comment_status":"closed","ping_status":"closed","template":"","meta":[],"yoast_head":"<!-- This site is optimized with the Yoast SEO plugin v19.7.1 - https:\/\/yoast.com\/wordpress\/plugins\/seo\/ -->\n<title>Nos Formules - Debarrassez-moi<\/title>\n<meta name=\"description\" content=\"Avant d\u2019intervenir pour votre D\u00e9barras, nous r\u00e9alisons un devis gratuit et sans engagement.\" \/>\n<meta name=\"robots\" content=\"index, follow, max-snippet:-1, max-image-preview:large, max-video-preview:-1\" \/>\n<link rel=\"canonical\" href=\"https:\/\/debarrassez-moi.fr\/?page_id=529\" \/>\n<meta property=\"og:locale\" content=\"fr_FR\" \/>\n<meta property=\"og:type\" content=\"article\" \/>\n<meta property=\"og:title\" content=\"Nos Formules - Debarrassez-moi\" \/>\n<meta property=\"og:description\" content=\"Avant d\u2019intervenir pour votre D\u00e9barras, nous r\u00e9alisons un devis gratuit et sans engagement.\" \/>\n<meta property=\"og:url\" content=\"https:\/\/debarrassez-moi.fr\/?page_id=529\" \/>\n<meta property=\"og:site_name\" content=\"Debarrassez-moi\" \/>\n<meta property=\"article:modified_time\" content=\"2022-04-04T17:53:31+00:00\" \/>\n<meta property=\"og:image\" content=\"https:\/\/debarrassez-moi.fr\/wp-content\/uploads\/2021\/10\/Logo-debarrassez-moi-FINAL-150x150-3.png\" \/>\n\t<meta property=\"og:image:width\" content=\"150\" \/>\n\t<meta property=\"og:image:height\" content=\"150\" \/>\n\t<meta property=\"og:image:type\" content=\"image\/png\" \/>\n<meta name=\"twitter:card\" content=\"summary_large_image\" \/>\n<meta name=\"twitter:label1\" content=\"Dur\u00e9e de lecture estim\u00e9e\" \/>\n\t<meta name=\"twitter:data1\" content=\"2 minutes\" \/>\n<script type=\"application\/ld+json\" class=\"yoast-schema-graph\">{\"@context\":\"https:\/\/schema.org\",\"@graph\":[{\"@type\":\"WebPage\",\"@id\":\"https:\/\/debarrassez-moi.fr\/?page_id=529\",\"url\":\"https:\/\/debarrassez-moi.fr\/?page_id=529\",\"name\":\"Nos Formules - Debarrassez-moi\",\"isPartOf\":{\"@id\":\"https:\/\/debarrassez-moi.fr\/#website\"},\"datePublished\":\"2017-06-12T10:00:38+00:00\",\"dateModified\":\"2022-04-04T17:53:31+00:00\",\"description\":\"Avant d\u2019intervenir pour votre D\u00e9barras, nous r\u00e9alisons un devis gratuit et sans engagement.\",\"breadcrumb\":{\"@id\":\"https:\/\/debarrassez-moi.fr\/?page_id=529#breadcrumb\"},\"inLanguage\":\"fr-FR\",\"potentialAction\":[{\"@type\":\"ReadAction\",\"target\":[\"https:\/\/debarrassez-moi.fr\/?page_id=529\"]}]},{\"@type\":\"BreadcrumbList\",\"@id\":\"https:\/\/debarrassez-moi.fr\/?page_id=529#breadcrumb\",\"itemListElement\":[{\"@type\":\"ListItem\",\"position\":1,\"name\":\"Accueil\",\"item\":\"https:\/\/debarrassez-moi.fr\/\"},{\"@type\":\"ListItem\",\"position\":2,\"name\":\"Nos Formules\"}]},{\"@type\":\"WebSite\",\"@id\":\"https:\/\/debarrassez-moi.fr\/#website\",\"url\":\"https:\/\/debarrassez-moi.fr\/\",\"name\":\"Debarrassez-moi\",\"description\":\"Service local de d\u00e9barras sur la Haute-Garonne\",\"publisher\":{\"@id\":\"https:\/\/debarrassez-moi.fr\/#organization\"},\"potentialAction\":[{\"@type\":\"SearchAction\",\"target\":{\"@type\":\"EntryPoint\",\"urlTemplate\":\"https:\/\/debarrassez-moi.fr\/?s={search_term_string}\"},\"query-input\":\"required name=search_term_string\"}],\"inLanguage\":\"fr-FR\"},{\"@type\":\"Organization\",\"@id\":\"https:\/\/debarrassez-moi.fr\/#organization\",\"name\":\"Debarrassez-moi\",\"url\":\"https:\/\/debarrassez-moi.fr\/\",\"sameAs\":[],\"logo\":{\"@type\":\"ImageObject\",\"inLanguage\":\"fr-FR\",\"@id\":\"https:\/\/debarrassez-moi.fr\/#\/schema\/logo\/image\/\",\"url\":\"https:\/\/debarrassez-moi.fr\/wp-content\/uploads\/2021\/10\/Logo-debarrassez-moi-FINAL-150x150-4.png\",\"contentUrl\":\"https:\/\/debarrassez-moi.fr\/wp-content\/uploads\/2021\/10\/Logo-debarrassez-moi-FINAL-150x150-4.png\",\"width\":150,\"height\":150,\"caption\":\"Debarrassez-moi\"},\"image\":{\"@id\":\"https:\/\/debarrassez-moi.fr\/#\/schema\/logo\/image\/\"}}]}<\/script>\n<!-- \/ Yoast SEO plugin. -->","yoast_head_json":{"title":"Nos Formules - Debarrassez-moi","description":"Avant d\u2019intervenir pour votre D\u00e9barras, nous r\u00e9alisons un devis gratuit et sans engagement.","robots":{"index":"index","follow":"follow","max-snippet":"max-snippet:-1","max-image-preview":"max-image-preview:large","max-video-preview":"max-video-preview:-1"},"canonical":"https:\/\/debarrassez-moi.fr\/?page_id=529","og_locale":"fr_FR","og_type":"article","og_title":"Nos Formules - Debarrassez-moi","og_description":"Avant d\u2019intervenir pour votre D\u00e9barras, nous r\u00e9alisons un devis gratuit et sans engagement.","og_url":"https:\/\/debarrassez-moi.fr\/?page_id=529","og_site_name":"Debarrassez-moi","article_modified_time":"2022-04-04T17:53:31+00:00","og_image":[{"width":150,"height":150,"url":"https:\/\/debarrassez-moi.fr\/wp-content\/uploads\/2021\/10\/Logo-debarrassez-moi-FINAL-150x150-3.png","type":"image\/png"}],"twitter_card":"summary_large_image","twitter_misc":{"Dur\u00e9e de lecture estim\u00e9e":"2 minutes"},"schema":{"@context":"https:\/\/schema.org","@graph":[{"@type":"WebPage","@id":"https:\/\/debarrassez-moi.fr\/?page_id=529","url":"https:\/\/debarrassez-moi.fr\/?page_id=529","name":"Nos Formules - Debarrassez-moi","isPartOf":{"@id":"https:\/\/debarrassez-moi.fr\/#website"},"datePublished":"2017-06-12T10:00:38+00:00","dateModified":"2022-04-04T17:53:31+00:00","description":"Avant d\u2019intervenir pour votre D\u00e9barras, nous r\u00e9alisons un devis gratuit et sans engagement.","breadcrumb":{"@id":"https:\/\/debarrassez-moi.fr\/?page_id=529#breadcrumb"},"inLanguage":"fr-FR","potentialAction":[{"@type":"ReadAction","target":["https:\/\/debarrassez-moi.fr\/?page_id=529"]}]},{"@type":"BreadcrumbList","@id":"https:\/\/debarrassez-moi.fr\/?page_id=529#breadcrumb","itemListElement":[{"@type":"ListItem","position":1,"name":"Accueil","item":"https:\/\/debarrassez-moi.fr\/"},{"@type":"ListItem","position":2,"name":"Nos Formules"}]},{"@type":"WebSite","@id":"https:\/\/debarrassez-moi.fr\/#website","url":"https:\/\/debarrassez-moi.fr\/","name":"Debarrassez-moi","description":"Service local de d\u00e9barras sur la Haute-Garonne","publisher":{"@id":"https:\/\/debarrassez-moi.fr\/#organization"},"potentialAction":[{"@type":"SearchAction","target":{"@type":"EntryPoint","urlTemplate":"https:\/\/debarrassez-moi.fr\/?s={search_term_string}"},"query-input":"required name=search_term_string"}],"inLanguage":"fr-FR"},{"@type":"Organization","@id":"https:\/\/debarrassez-moi.fr\/#organization","name":"Debarrassez-moi","url":"https:\/\/debarrassez-moi.fr\/","sameAs":[],"logo":{"@type":"ImageObject","inLanguage":"fr-FR","@id":"https:\/\/debarrassez-moi.fr\/#\/schema\/logo\/image\/","url":"https:\/\/debarrassez-moi.fr\/wp-content\/uploads\/2021\/10\/Logo-debarrassez-moi-FINAL-150x150-4.png","contentUrl":"https:\/\/debarrassez-moi.fr\/wp-content\/uploads\/2021\/10\/Logo-debarrassez-moi-FINAL-150x150-4.png","width":150,"height":150,"caption":"Debarrassez-moi"},"image":{"@id":"https:\/\/debarrassez-moi.fr\/#\/schema\/logo\/image\/"}}]}},"_links":{"self":[{"href":"https:\/\/debarrassez-moi.fr\/index.php?rest_route=\/wp\/v2\/pages\/529"}],"collection":[{"href":"https:\/\/debarrassez-moi.fr\/index.php?rest_route=\/wp\/v2\/pages"}],"about":[{"href":"https:\/\/debarrassez-moi.fr\/index.php?rest_route=\/wp\/v2\/types\/page"}],"author":[{"embeddable":true,"href":"https:\/\/debarrassez-moi.fr\/index.php?rest_route=\/wp\/v2\/users\/1"}],"replies":[{"embeddable":true,"href":"https:\/\/debarrassez-moi.fr\/index.php?rest_route=%2Fwp%2Fv2%2Fcomments&post=529"}],"version-history":[{"count":17,"href":"https:\/\/debarrassez-moi.fr\/index.php?rest_route=\/wp\/v2\/pages\/529\/revisions"}],"predecessor-version":[{"id":2181,"href":"https:\/\/debarrassez-moi.fr\/index.php?rest_route=\/wp\/v2\/pages\/529\/revisions\/2181"}],"wp:featuredmedia":[{"embeddable":true,"href":"https:\/\/debarrassez-moi.fr\/index.php?rest_route=\/wp\/v2\/media\/2010"}],"wp:attachment":[{"href":"https:\/\/debarrassez-moi.fr\/index.php?rest_route=%2Fwp%2Fv2%2Fmedia&parent=529"}],"curies":[{"name":"wp","href":"https:\/\/api.w.org\/{rel}","templated":true}]}}