{"id":301,"date":"2017-06-09T07:52:41","date_gmt":"2017-06-09T07:52:41","guid":{"rendered":"https:\/\/victorthemes.com\/themes\/roof\/?page_id=301"},"modified":"2022-04-04T19:55:06","modified_gmt":"2022-04-04T17:55:06","slug":"qui-sommes-nous","status":"publish","type":"page","link":"https:\/\/debarrassez-moi.fr\/?page_id=301","title":{"rendered":"Qui sommes nous?"},"content":{"rendered":"<p>[vc_row][vc_column][vc_column_text css=\u00a0\u00bb.vc_custom_1649094888402{margin-top: 25px !important;margin-bottom: 25px !important;}\u00a0\u00bb]Nous sommes une entreprise Toulousaine de d\u00e9barras \u00ab D\u00e9barrassez-moi \u00bb. Nous nous d\u00e9pla\u00e7ons en Haute-Garonne et les d\u00e9partements limitrophes. Nous intervenons dans tous types de lieux : maisons, appartements, caves , greniers, ateliers , &#8230;[\/vc_column_text][\/vc_column][\/vc_row][vc_row][vc_column][vc_column_text]<\/p>\n<h2>Nos engagements<\/h2>\n<p>Notre \u00e9quipe s\u2019engage a effectu\u00e9 un travail rapide, propre et de qualit\u00e9.<br \/>\nNous travaillons dans le respect de l\u2019environnement en \u00e9vacuant vos encombrants dans une d\u00e9ch\u00e8terie agr\u00e9e tout en respectant le tri s\u00e9lectif.<br \/>\nQue deviennent vos objets et vos meubles&#8230;?<br \/>\nLes objets tri\u00e9s et r\u00e9cup\u00e9r\u00e9s peuvent aller directement :<\/p>\n<ul>\n<li>\u00c0 la d\u00e9chetterie<\/li>\n<li>\u00catre recycl\u00e9s<\/li>\n<li>\u00catre mis en vente<\/li>\n<li>\u00catre redistribu\u00e9s a des personnes d\u00e9munies<\/li>\n<\/ul>\n<p>[\/vc_column_text][\/vc_column][\/vc_row]<\/p>\n","protected":false},"excerpt":{"rendered":"[vc_row][vc_column][vc_column_text css=\u00a0\u00bb.vc_custom_1649094888402{margin-top: 25px !important;margin-bottom: 25px !important;}\u00a0\u00bb]Nous sommes une entreprise Toulousaine de d\u00e9barras \u00ab D\u00e9barrassez-moi \u00bb. Nous nous d\u00e9pla\u00e7ons en Haute-Garonne et les d\u00e9partements limitrophes. Nous intervenons dans tous types de lieux : maisons, appartements, caves , greniers, ateliers , &#8230;[\/vc_column_text][\/vc_column][\/vc_row][vc_row][vc_column][vc_column_text] Nos engagements Notre \u00e9quipe s\u2019engage a effectu\u00e9 un travail rapide, propre et de qualit\u00e9. Nous[&#8230;]","protected":false},"author":1,"featured_media":2010,"parent":0,"menu_order":0,"comment_status":"closed","ping_status":"closed","template":"","meta":[],"yoast_head":"<!-- This site is optimized with the Yoast SEO plugin v19.7.1 - https:\/\/yoast.com\/wordpress\/plugins\/seo\/ -->\n<title>Qui sommes nous? - Debarrassez-moi<\/title>\n<meta name=\"description\" content=\"Nous sommes une entreprise Toulousaine de d\u00e9barras \u00ab D\u00e9barrassez-moi \u00bb. Nous nous d\u00e9pla\u00e7ons en Haute-Garonne et les d\u00e9partements limitrophes.\" \/>\n<meta name=\"robots\" content=\"index, follow, max-snippet:-1, max-image-preview:large, max-video-preview:-1\" \/>\n<link rel=\"canonical\" href=\"https:\/\/debarrassez-moi.fr\/?page_id=301\" \/>\n<meta property=\"og:locale\" content=\"fr_FR\" \/>\n<meta property=\"og:type\" content=\"article\" \/>\n<meta property=\"og:title\" content=\"Qui sommes nous? - Debarrassez-moi\" \/>\n<meta property=\"og:description\" content=\"Nous sommes une entreprise Toulousaine de d\u00e9barras \u00ab D\u00e9barrassez-moi \u00bb. Nous nous d\u00e9pla\u00e7ons en Haute-Garonne et les d\u00e9partements limitrophes.\" \/>\n<meta property=\"og:url\" content=\"https:\/\/debarrassez-moi.fr\/?page_id=301\" \/>\n<meta property=\"og:site_name\" content=\"Debarrassez-moi\" \/>\n<meta property=\"article:modified_time\" content=\"2022-04-04T17:55:06+00:00\" \/>\n<meta property=\"og:image\" content=\"https:\/\/debarrassez-moi.fr\/wp-content\/uploads\/2021\/10\/Logo-debarrassez-moi-FINAL-150x150-3.png\" \/>\n\t<meta property=\"og:image:width\" content=\"150\" \/>\n\t<meta property=\"og:image:height\" content=\"150\" \/>\n\t<meta property=\"og:image:type\" content=\"image\/png\" \/>\n<meta name=\"twitter:card\" content=\"summary_large_image\" \/>\n<meta name=\"twitter:label1\" content=\"Dur\u00e9e de lecture estim\u00e9e\" \/>\n\t<meta name=\"twitter:data1\" content=\"1 minute\" \/>\n<script type=\"application\/ld+json\" class=\"yoast-schema-graph\">{\"@context\":\"https:\/\/schema.org\",\"@graph\":[{\"@type\":\"WebPage\",\"@id\":\"https:\/\/debarrassez-moi.fr\/?page_id=301\",\"url\":\"https:\/\/debarrassez-moi.fr\/?page_id=301\",\"name\":\"Qui sommes nous? - Debarrassez-moi\",\"isPartOf\":{\"@id\":\"https:\/\/debarrassez-moi.fr\/#website\"},\"datePublished\":\"2017-06-09T07:52:41+00:00\",\"dateModified\":\"2022-04-04T17:55:06+00:00\",\"description\":\"Nous sommes une entreprise Toulousaine de d\u00e9barras \u00ab D\u00e9barrassez-moi \u00bb. Nous nous d\u00e9pla\u00e7ons en Haute-Garonne et les d\u00e9partements limitrophes.\",\"breadcrumb\":{\"@id\":\"https:\/\/debarrassez-moi.fr\/?page_id=301#breadcrumb\"},\"inLanguage\":\"fr-FR\",\"potentialAction\":[{\"@type\":\"ReadAction\",\"target\":[\"https:\/\/debarrassez-moi.fr\/?page_id=301\"]}]},{\"@type\":\"BreadcrumbList\",\"@id\":\"https:\/\/debarrassez-moi.fr\/?page_id=301#breadcrumb\",\"itemListElement\":[{\"@type\":\"ListItem\",\"position\":1,\"name\":\"Accueil\",\"item\":\"https:\/\/debarrassez-moi.fr\/\"},{\"@type\":\"ListItem\",\"position\":2,\"name\":\"Qui sommes nous?\"}]},{\"@type\":\"WebSite\",\"@id\":\"https:\/\/debarrassez-moi.fr\/#website\",\"url\":\"https:\/\/debarrassez-moi.fr\/\",\"name\":\"Debarrassez-moi\",\"description\":\"Service local de d\u00e9barras sur la Haute-Garonne\",\"publisher\":{\"@id\":\"https:\/\/debarrassez-moi.fr\/#organization\"},\"potentialAction\":[{\"@type\":\"SearchAction\",\"target\":{\"@type\":\"EntryPoint\",\"urlTemplate\":\"https:\/\/debarrassez-moi.fr\/?s={search_term_string}\"},\"query-input\":\"required name=search_term_string\"}],\"inLanguage\":\"fr-FR\"},{\"@type\":\"Organization\",\"@id\":\"https:\/\/debarrassez-moi.fr\/#organization\",\"name\":\"Debarrassez-moi\",\"url\":\"https:\/\/debarrassez-moi.fr\/\",\"sameAs\":[],\"logo\":{\"@type\":\"ImageObject\",\"inLanguage\":\"fr-FR\",\"@id\":\"https:\/\/debarrassez-moi.fr\/#\/schema\/logo\/image\/\",\"url\":\"https:\/\/debarrassez-moi.fr\/wp-content\/uploads\/2021\/10\/Logo-debarrassez-moi-FINAL-150x150-4.png\",\"contentUrl\":\"https:\/\/debarrassez-moi.fr\/wp-content\/uploads\/2021\/10\/Logo-debarrassez-moi-FINAL-150x150-4.png\",\"width\":150,\"height\":150,\"caption\":\"Debarrassez-moi\"},\"image\":{\"@id\":\"https:\/\/debarrassez-moi.fr\/#\/schema\/logo\/image\/\"}}]}<\/script>\n<!-- \/ Yoast SEO plugin. -->","yoast_head_json":{"title":"Qui sommes nous? - Debarrassez-moi","description":"Nous sommes une entreprise Toulousaine de d\u00e9barras \u00ab D\u00e9barrassez-moi \u00bb. Nous nous d\u00e9pla\u00e7ons en Haute-Garonne et les d\u00e9partements limitrophes.","robots":{"index":"index","follow":"follow","max-snippet":"max-snippet:-1","max-image-preview":"max-image-preview:large","max-video-preview":"max-video-preview:-1"},"canonical":"https:\/\/debarrassez-moi.fr\/?page_id=301","og_locale":"fr_FR","og_type":"article","og_title":"Qui sommes nous? - Debarrassez-moi","og_description":"Nous sommes une entreprise Toulousaine de d\u00e9barras \u00ab D\u00e9barrassez-moi \u00bb. Nous nous d\u00e9pla\u00e7ons en Haute-Garonne et les d\u00e9partements limitrophes.","og_url":"https:\/\/debarrassez-moi.fr\/?page_id=301","og_site_name":"Debarrassez-moi","article_modified_time":"2022-04-04T17:55:06+00:00","og_image":[{"width":150,"height":150,"url":"https:\/\/debarrassez-moi.fr\/wp-content\/uploads\/2021\/10\/Logo-debarrassez-moi-FINAL-150x150-3.png","type":"image\/png"}],"twitter_card":"summary_large_image","twitter_misc":{"Dur\u00e9e de lecture estim\u00e9e":"1 minute"},"schema":{"@context":"https:\/\/schema.org","@graph":[{"@type":"WebPage","@id":"https:\/\/debarrassez-moi.fr\/?page_id=301","url":"https:\/\/debarrassez-moi.fr\/?page_id=301","name":"Qui sommes nous? - Debarrassez-moi","isPartOf":{"@id":"https:\/\/debarrassez-moi.fr\/#website"},"datePublished":"2017-06-09T07:52:41+00:00","dateModified":"2022-04-04T17:55:06+00:00","description":"Nous sommes une entreprise Toulousaine de d\u00e9barras \u00ab D\u00e9barrassez-moi \u00bb. Nous nous d\u00e9pla\u00e7ons en Haute-Garonne et les d\u00e9partements limitrophes.","breadcrumb":{"@id":"https:\/\/debarrassez-moi.fr\/?page_id=301#breadcrumb"},"inLanguage":"fr-FR","potentialAction":[{"@type":"ReadAction","target":["https:\/\/debarrassez-moi.fr\/?page_id=301"]}]},{"@type":"BreadcrumbList","@id":"https:\/\/debarrassez-moi.fr\/?page_id=301#breadcrumb","itemListElement":[{"@type":"ListItem","position":1,"name":"Accueil","item":"https:\/\/debarrassez-moi.fr\/"},{"@type":"ListItem","position":2,"name":"Qui sommes nous?"}]},{"@type":"WebSite","@id":"https:\/\/debarrassez-moi.fr\/#website","url":"https:\/\/debarrassez-moi.fr\/","name":"Debarrassez-moi","description":"Service local de d\u00e9barras sur la Haute-Garonne","publisher":{"@id":"https:\/\/debarrassez-moi.fr\/#organization"},"potentialAction":[{"@type":"SearchAction","target":{"@type":"EntryPoint","urlTemplate":"https:\/\/debarrassez-moi.fr\/?s={search_term_string}"},"query-input":"required name=search_term_string"}],"inLanguage":"fr-FR"},{"@type":"Organization","@id":"https:\/\/debarrassez-moi.fr\/#organization","name":"Debarrassez-moi","url":"https:\/\/debarrassez-moi.fr\/","sameAs":[],"logo":{"@type":"ImageObject","inLanguage":"fr-FR","@id":"https:\/\/debarrassez-moi.fr\/#\/schema\/logo\/image\/","url":"https:\/\/debarrassez-moi.fr\/wp-content\/uploads\/2021\/10\/Logo-debarrassez-moi-FINAL-150x150-4.png","contentUrl":"https:\/\/debarrassez-moi.fr\/wp-content\/uploads\/2021\/10\/Logo-debarrassez-moi-FINAL-150x150-4.png","width":150,"height":150,"caption":"Debarrassez-moi"},"image":{"@id":"https:\/\/debarrassez-moi.fr\/#\/schema\/logo\/image\/"}}]}},"_links":{"self":[{"href":"https:\/\/debarrassez-moi.fr\/index.php?rest_route=\/wp\/v2\/pages\/301"}],"collection":[{"href":"https:\/\/debarrassez-moi.fr\/index.php?rest_route=\/wp\/v2\/pages"}],"about":[{"href":"https:\/\/debarrassez-moi.fr\/index.php?rest_route=\/wp\/v2\/types\/page"}],"author":[{"embeddable":true,"href":"https:\/\/debarrassez-moi.fr\/index.php?rest_route=\/wp\/v2\/users\/1"}],"replies":[{"embeddable":true,"href":"https:\/\/debarrassez-moi.fr\/index.php?rest_route=%2Fwp%2Fv2%2Fcomments&post=301"}],"version-history":[{"count":10,"href":"https:\/\/debarrassez-moi.fr\/index.php?rest_route=\/wp\/v2\/pages\/301\/revisions"}],"predecessor-version":[{"id":2182,"href":"https:\/\/debarrassez-moi.fr\/index.php?rest_route=\/wp\/v2\/pages\/301\/revisions\/2182"}],"wp:featuredmedia":[{"embeddable":true,"href":"https:\/\/debarrassez-moi.fr\/index.php?rest_route=\/wp\/v2\/media\/2010"}],"wp:attachment":[{"href":"https:\/\/debarrassez-moi.fr\/index.php?rest_route=%2Fwp%2Fv2%2Fmedia&parent=301"}],"curies":[{"name":"wp","href":"https:\/\/api.w.org\/{rel}","templated":true}]}}